{"id":5750,"date":"2018-10-22T13:48:22","date_gmt":"2018-10-22T13:48:22","guid":{"rendered":"https:\/\/www.ekko-wp.com\/?page_id=5750"},"modified":"2025-05-15T18:54:58","modified_gmt":"2025-05-15T15:54:58","slug":"iletisim","status":"publish","type":"page","link":"https:\/\/obisarj.com\/en\/iletisim\/","title":{"rendered":"Contact us"},"content":{"rendered":"<div class=\"wpb-content-wrapper\"><div data-vc-full-width=\"true\" data-vc-full-width-init=\"false\" class=\"vc_row wpb_row vc_row-fluid vc_custom_1696804891466 vc_row-has-fill\"><div class=\"wpb_column vc_column_container vc_col-sm-12\"><div class=\"vc_column-inner vc_custom_1540804453180\"><div class=\"wpb_wrapper\"><div class=\"vc_row wpb_row vc_inner vc_row-fluid vc_custom_1696544426444 vc_row-has-padding-top vc_row-has-padding-bottom\"><div class=\"wpb_column vc_column_container vc_col-sm-5\"><div class=\"vc_column-inner\"><div class=\"wpb_wrapper\"><div class=\"key-icon-box icon-default icon-left cont-left ib-hover-1  kd-animated fadeInUp\" style=\"background-color: transparent;\" ><div class=\"ib-wrapper\"><i class=\"iconsmind-Location-2 iconsmind-Maps-Locations\" style=\" \"><\/i> <h6 class=\"service-heading\" >Address<\/h6><p >Obi\u015farj Electric Vehicle Charging Systems Inc.<br \/>\n\u0130\u00e7erenk\u00f6y Mah. Top\u00e7u \u0130brahim Sk. Quick Tower No:8-10D Ata\u015fehir \u0130stanbul<\/p><\/div><\/div><div class=\"vc_empty_space\"   style=\"height: 10px\"><span class=\"vc_empty_space_inner\"><\/span><\/div><div class=\"key-icon-box icon-default icon-left cont-left ib-hover-1  kd-animated fadeInUp\" style=\"background-color: transparent;\" ><a href=\"mailto:obisarj@obisarj.com\" target=\"\"><div class=\"ib-wrapper\"><i class=\"iconsmind-Envelope iconsmind-Emails\" style=\" \"><\/i> <h6 class=\"service-heading\" >E-mail<\/h6><p >support@obisarj.com<\/p><\/div><\/a><\/div><div class=\"vc_empty_space\"   style=\"height: 10px\"><span class=\"vc_empty_space_inner\"><\/span><\/div><div class=\"key-icon-box icon-default icon-left cont-left ib-hover-1  kd-animated fadeInUp\" style=\"background-color: transparent;\" ><a href=\"tel: 908503777610\" target=\"\"><div class=\"ib-wrapper\"><i class=\"iconsmind-Telephone iconsmind-Communications-Network\" style=\" \"><\/i> <h6 class=\"service-heading\" >Telephone<\/h6><p >0850 377 76 10<\/p><\/div><\/a><\/div><div class=\"vc_empty_space\"   style=\"height: 10px\"><span class=\"vc_empty_space_inner\"><\/span><\/div><\/div><\/div><\/div><div class=\"wpb_column vc_column_container vc_col-sm-1\"><div class=\"vc_column-inner\"><div class=\"wpb_wrapper\"><\/div><\/div><\/div><div class=\"wpb_column vc_column_container vc_col-sm-6 vc_col-has-fill\" id=\"contact-form-box\"><div class=\"vc_column-inner vc_custom_1696864193167\"><div class=\"wpb_wrapper\"><header class=\"kd-section-title col-lg-12 text-center  kd-animated fadeIn   vc_custom_1700568219315\" data-animation-delay=\"200\"><h3 class=\"separator_off\" >Contact us<\/h3><h6 class=\"subtitle\" >For all your questions and requests, you can contact us by filling out the form below. Your message will be answered as soon as possible.<\/h6><\/header><div class=\"vc_empty_space\"   style=\"height: 10px\"><span class=\"vc_empty_space_inner\"><\/span><\/div><div class=\"kd-contact-form full-width-cf\" >\n<div class=\"wpcf7 no-js\" id=\"wpcf7-f5208-o1\" lang=\"en-US\" dir=\"ltr\">\n<div class=\"screen-reader-response\"><p role=\"status\" aria-live=\"polite\" aria-atomic=\"true\"><\/p> <ul><\/ul><\/div>\n<form action=\"\/en\/wp-json\/wp\/v2\/pages\/5750#wpcf7-f5208-o1\" method=\"post\" class=\"wpcf7-form init\" aria-label=\"Contact form\" novalidate=\"novalidate\" data-status=\"init\" data-trp-original-action=\"\/en\/wp-json\/wp\/v2\/pages\/5750#wpcf7-f5208-o1\">\n<div style=\"display: none;\">\n<input type=\"hidden\" name=\"_wpcf7\" value=\"5208\" \/>\n<input type=\"hidden\" name=\"_wpcf7_version\" value=\"5.8.3\" \/>\n<input type=\"hidden\" name=\"_wpcf7_locale\" value=\"en_US\" \/>\n<input type=\"hidden\" name=\"_wpcf7_unit_tag\" value=\"wpcf7-f5208-o1\" \/>\n<input type=\"hidden\" name=\"_wpcf7_container_post\" value=\"0\" \/>\n<input type=\"hidden\" name=\"_wpcf7_posted_data_hash\" value=\"\" \/>\n<input type=\"hidden\" name=\"_wpcf7_recaptcha_response\" value=\"\" \/>\n<\/div>\n<p><span class=\"wpcf7-form-control-wrap\" data-name=\"your-name\"><input size=\"40\" class=\"wpcf7-form-control wpcf7-text wpcf7-validates-as-required\" aria-required=\"true\" aria-invalid=\"false\" placeholder=\"Your name\" value=\"\" type=\"text\" name=\"your-name\" \/><\/span><br \/>\n<span class=\"wpcf7-form-control-wrap\" data-name=\"your-email\"><input size=\"40\" class=\"wpcf7-form-control wpcf7-email wpcf7-validates-as-required wpcf7-text wpcf7-validates-as-email\" aria-required=\"true\" aria-invalid=\"false\" placeholder=\"Email\" value=\"\" type=\"email\" name=\"your-email\" \/><\/span><br \/>\n<span class=\"wpcf7-form-control-wrap\" data-name=\"your-phone\"><input size=\"40\" class=\"wpcf7-form-control wpcf7-tel wpcf7-validates-as-required wpcf7-text wpcf7-validates-as-tel\" aria-required=\"true\" aria-invalid=\"false\" placeholder=\"Phone number\" value=\"\" type=\"tel\" name=\"your-phone\" \/><\/span><br \/>\n<span class=\"wpcf7-form-control-wrap\" data-name=\"your-message\"><textarea cols=\"40\" rows=\"10\" class=\"wpcf7-form-control wpcf7-textarea\" aria-invalid=\"false\" placeholder=\"Your message\" name=\"your-message\"><\/textarea><\/span><br \/>\n<span class=\"wpcf7-form-control-wrap\" data-name=\"acceptance-117\"><span class=\"wpcf7-form-control wpcf7-acceptance optional\"><span class=\"wpcf7-list-item\"><label><input type=\"checkbox\" name=\"acceptance-117\" value=\"1\" aria-invalid=\"false\" \/><span class=\"wpcf7-list-item-label\"><a href=\"https:\/\/obisarj.com\/en\/kisisel-verilerin-korunmasi\/\" target=\"_blank\"> Protection of Personal Data<\/a> I have read the text and I approve it.<\/span><\/label><\/span><\/span><\/span><br \/>\n<input class=\"wpcf7-form-control wpcf7-submit has-spinner\" type=\"submit\" value=\"Send\" \/>\n<\/p><div class=\"wpcf7-response-output\" aria-hidden=\"true\"><\/div>\n<input type=\"hidden\" name=\"trp-form-language\" value=\"en\"\/><\/form>\n<\/div>\n<\/div><\/div><\/div><\/div><\/div><\/div><\/div><\/div><\/div><div class=\"vc_row-full-width vc_clearfix\"><\/div><div id=\"hemen-indir\" data-vc-full-width=\"true\" data-vc-full-width-init=\"false\" class=\"vc_row wpb_row vc_row-fluid vc_custom_1700743459742 vc_row-has-fill vc_row-fixed-bg\"><div class=\"wpb_column vc_column_container vc_col-sm-12\"><div class=\"vc_column-inner\"><div class=\"wpb_wrapper\"><div class=\"vc_row wpb_row vc_inner vc_row-fluid vc_custom_1700747342356 vc_row-has-padding-top vc_row-has-padding-bottom vc_row-o-content-middle vc_row-flex\"><div class=\"wpb_column vc_column_container vc_col-sm-8\"><div class=\"vc_column-inner\"><div class=\"wpb_wrapper\"><header class=\"kd-section-title col-lg-12 text-left  kd-animated fadeIn\" data-animation-delay=\"200\"><h2 class=\"separator_off\" style=\"color: #ffffff;\">Download Obi\u015farj Now<\/h2><h6 class=\"subtitle\" style=\"color: #f3f3f3;\">May your energy always be with you with Obicharge!<\/h6><\/header><\/div><\/div><\/div><div class=\"wpb_column vc_column_container vc_col-sm-2\"><div class=\"vc_column-inner\"><div class=\"wpb_wrapper\">\n\t<div  class=\"wpb_single_image wpb_content_element vc_align_center\">\n\t\t\n\t\t<figure class=\"wpb_wrapper vc_figure\">\n\t\t\t<a href=\"https:\/\/apps.apple.com\/th\/app\/obi%C5%9Farj\/id6470660178\" target=\"_blank\" class=\"vc_single_image-wrapper   vc_box_border_grey\" rel=\"noopener\"><img loading=\"lazy\" decoding=\"async\" width=\"160\" height=\"48\" src=\"https:\/\/obisarj.com\/wp-content\/uploads\/2023\/11\/svgexport-1.svg\" class=\"vc_single_image-img attachment-full\" alt=\"\" title=\"svgexport-1\" \/><\/a>\n\t\t<\/figure>\n\t<\/div>\n<\/div><\/div><\/div><div class=\"wpb_column vc_column_container vc_col-sm-2\"><div class=\"vc_column-inner\"><div class=\"wpb_wrapper\">\n\t<div  class=\"wpb_single_image wpb_content_element vc_align_center\">\n\t\t\n\t\t<figure class=\"wpb_wrapper vc_figure\">\n\t\t\t<a href=\"https:\/\/play.google.com\/store\/apps\/details?id=com.obisarj&amp;pli=1\" target=\"_blank\" class=\"vc_single_image-wrapper   vc_box_border_grey\" rel=\"noopener\"><img loading=\"lazy\" decoding=\"async\" width=\"160\" height=\"48\" src=\"https:\/\/obisarj.com\/wp-content\/uploads\/2023\/11\/svgexport-1-1.svg\" class=\"vc_single_image-img attachment-full\" alt=\"\" title=\"svgexport-1 (1)\" \/><\/a>\n\t\t<\/figure>\n\t<\/div>\n<\/div><\/div><\/div><\/div><\/div><\/div><\/div><\/div><div class=\"vc_row-full-width vc_clearfix\"><\/div>\n<\/div>","protected":false},"excerpt":{"rendered":"AdresObi\u015farj Elektrikli Ara\u00e7 \u015earj Sistemleri A.\u015e. \u0130\u00e7erenk\u00f6y Mah. Top\u00e7u \u0130brahim Sk. Quick Tower No:8-10D Ata\u015fehir \u0130stanbul E-maildestek@obisarj.com Telefon0850 377 76 [...]","protected":false},"author":1,"featured_media":7642,"parent":0,"menu_order":0,"comment_status":"closed","ping_status":"closed","template":"","meta":{"inline_featured_image":false,"footnotes":""},"class_list":["post-5750","page","type-page","status-publish","has-post-thumbnail","hentry"],"_links":{"self":[{"href":"https:\/\/obisarj.com\/en\/wp-json\/wp\/v2\/pages\/5750","targetHints":{"allow":["GET"]}}],"collection":[{"href":"https:\/\/obisarj.com\/en\/wp-json\/wp\/v2\/pages"}],"about":[{"href":"https:\/\/obisarj.com\/en\/wp-json\/wp\/v2\/types\/page"}],"author":[{"embeddable":true,"href":"https:\/\/obisarj.com\/en\/wp-json\/wp\/v2\/users\/1"}],"replies":[{"embeddable":true,"href":"https:\/\/obisarj.com\/en\/wp-json\/wp\/v2\/comments?post=5750"}],"version-history":[{"count":16,"href":"https:\/\/obisarj.com\/en\/wp-json\/wp\/v2\/pages\/5750\/revisions"}],"predecessor-version":[{"id":7825,"href":"https:\/\/obisarj.com\/en\/wp-json\/wp\/v2\/pages\/5750\/revisions\/7825"}],"wp:featuredmedia":[{"embeddable":true,"href":"https:\/\/obisarj.com\/en\/wp-json\/wp\/v2\/media\/7642"}],"wp:attachment":[{"href":"https:\/\/obisarj.com\/en\/wp-json\/wp\/v2\/media?parent=5750"}],"curies":[{"name":"wp","href":"https:\/\/api.w.org\/{rel}","templated":true}]}}